{"id":2139,"date":"2025-03-25T22:34:53","date_gmt":"2025-03-26T04:34:53","guid":{"rendered":"https:\/\/mezcaleldisfraz.com\/regions\/"},"modified":"2025-03-25T22:34:57","modified_gmt":"2025-03-26T04:34:57","slug":"regions","status":"publish","type":"page","link":"https:\/\/mezcaleldisfraz.com\/en\/regions\/","title":{"rendered":"Regions"},"content":{"rendered":"\t\t<div data-elementor-type=\"wp-post\" data-elementor-id=\"2139\" class=\"elementor elementor-2139 elementor-543\" data-elementor-post-type=\"page\">\n\t\t\t\t<div class=\"elementor-element elementor-element-4ee8032 e-flex e-con-boxed e-con e-parent\" data-id=\"4ee8032\" data-element_type=\"container\" data-e-type=\"container\">\n\t\t\t\t\t<div class=\"e-con-inner\">\n\t\t\t\t<div class=\"elementor-element elementor-element-ab2efc1 elementor-invisible elementor-widget elementor-widget-image\" data-id=\"ab2efc1\" data-element_type=\"widget\" data-e-type=\"widget\" data-settings=\"{&quot;_animation&quot;:&quot;zoomIn&quot;}\" data-widget_type=\"image.default\">\n\t\t\t\t<div class=\"elementor-widget-container\">\n\t\t\t\t\t\t\t\t\t\t\t\t\t\t\t<img fetchpriority=\"high\" decoding=\"async\" width=\"1151\" height=\"460\" src=\"https:\/\/mezcaleldisfraz.com\/wp-content\/uploads\/2025\/01\/Casa-mezcalera-el-Disfraz-title-2_3.png\" class=\"attachment-full size-full wp-image-2084\" alt=\"\" srcset=\"https:\/\/mezcaleldisfraz.com\/wp-content\/uploads\/2025\/01\/Casa-mezcalera-el-Disfraz-title-2_3.png 1151w, https:\/\/mezcaleldisfraz.com\/wp-content\/uploads\/2025\/01\/Casa-mezcalera-el-Disfraz-title-2_3-300x120.png 300w, https:\/\/mezcaleldisfraz.com\/wp-content\/uploads\/2025\/01\/Casa-mezcalera-el-Disfraz-title-2_3-1024x409.png 1024w, https:\/\/mezcaleldisfraz.com\/wp-content\/uploads\/2025\/01\/Casa-mezcalera-el-Disfraz-title-2_3-768x307.png 768w, https:\/\/mezcaleldisfraz.com\/wp-content\/uploads\/2025\/01\/Casa-mezcalera-el-Disfraz-title-2_3-600x240.png 600w\" sizes=\"(max-width: 1151px) 100vw, 1151px\" \/>\t\t\t\t\t\t\t\t\t\t\t\t\t\t\t<\/div>\n\t\t\t\t<\/div>\n\t\t<div class=\"elementor-element elementor-element-e91a141 e-con-full e-flex e-con e-child\" data-id=\"e91a141\" data-element_type=\"container\" data-e-type=\"container\">\n\t\t\t\t<div class=\"elementor-element elementor-element-31230ee elementor-invisible elementor-widget elementor-widget-image-box\" data-id=\"31230ee\" data-element_type=\"widget\" data-e-type=\"widget\" data-settings=\"{&quot;_animation&quot;:&quot;fadeIn&quot;,&quot;_animation_delay&quot;:150}\" data-widget_type=\"image-box.default\">\n\t\t\t\t<div class=\"elementor-widget-container\">\n\t\t\t\t\t<div class=\"elementor-image-box-wrapper\"><div class=\"elementor-image-box-content\"><h4 class=\"elementor-image-box-title\">Regions and Community<\/h4><p class=\"elementor-image-box-description\">We foster a sense of community among our consumers, producers, and collaborators, valuing relationships and cultural exchange.<\/p><\/div><\/div>\t\t\t\t<\/div>\n\t\t\t\t<\/div>\n\t\t\t\t<div class=\"elementor-element elementor-element-bbe0f2c elementor-invisible elementor-widget elementor-widget-image-box\" data-id=\"bbe0f2c\" data-element_type=\"widget\" data-e-type=\"widget\" id=\"oaxaca\" data-settings=\"{&quot;_animation&quot;:&quot;fadeIn&quot;,&quot;_animation_delay&quot;:300}\" data-widget_type=\"image-box.default\">\n\t\t\t\t<div class=\"elementor-widget-container\">\n\t\t\t\t\t<div class=\"elementor-image-box-wrapper\"><div class=\"elementor-image-box-content\"><h4 class=\"elementor-image-box-title\">Mezcal Los Tiliches from Oaxaca<\/h4><p class=\"elementor-image-box-description\">In Oaxaca, mezcal takes shape under the sun and fire, and its reputation has made it an emblem of Mexico around the world. The Oaxacan lands give life to agaves like espad\u00edn, tobal\u00e1, arroque\u00f1o, and cuishe\u2014plants that hold in their leaves the essence of the mountains and valleys. Distillation here is done in copper stills of Arab heritage, an art brought from distant lands and adapted to the heart of Oaxaca. With its double distillation, copper brings forth a pure and refined mezcal, where earthy and herbal notes meet in perfect harmony. Each stone oven preserves the heat and the secrets of generations, infusing Oaxacan mezcal with a strength and character that evoke the spirit of the region.<\/p><\/div><\/div>\t\t\t\t<\/div>\n\t\t\t\t<\/div>\n\t\t\t\t<\/div>\n\t\t\t\t\t<\/div>\n\t\t\t\t<\/div>\n\t\t<div class=\"elementor-element elementor-element-27aa1d5 e-flex e-con-boxed e-con e-parent\" data-id=\"27aa1d5\" data-element_type=\"container\" data-e-type=\"container\" data-settings=\"{&quot;background_background&quot;:&quot;classic&quot;}\">\n\t\t\t\t\t<div class=\"e-con-inner\">\n\t\t\t\t\t<\/div>\n\t\t\t\t<\/div>\n\t\t<div class=\"elementor-element elementor-element-28d5907 e-flex e-con-boxed e-con e-parent\" data-id=\"28d5907\" data-element_type=\"container\" data-e-type=\"container\">\n\t\t\t\t\t<div class=\"e-con-inner\">\n\t\t<div class=\"elementor-element elementor-element-3935f26 e-con-full e-flex e-con e-child\" data-id=\"3935f26\" data-element_type=\"container\" data-e-type=\"container\">\n\t\t\t\t<div class=\"elementor-element elementor-element-0b50ec2 elementor-invisible elementor-widget elementor-widget-image-box\" data-id=\"0b50ec2\" data-element_type=\"widget\" data-e-type=\"widget\" id=\"michoacan\" data-settings=\"{&quot;_animation&quot;:&quot;fadeIn&quot;,&quot;_animation_delay&quot;:150}\" data-widget_type=\"image-box.default\">\n\t\t\t\t<div class=\"elementor-widget-container\">\n\t\t\t\t\t<div class=\"elementor-image-box-wrapper\"><div class=\"elementor-image-box-content\"><h4 class=\"elementor-image-box-title\">Mezcal Los Diablitos from Michoac\u00e1n<\/h4><p class=\"elementor-image-box-description\">In the deep lands of Michoac\u00e1n, mezcal emerges with its own authenticity, born from the use of wild agaves like cupreata and inaequidens\u2014known locally as \u201cmaguey chino\u201d and \u201cinaequidens,\u201d respectively. Each plant is cared for like a treasure until the moment of its transformation. Here, distillation follows a special path: the Filipino still, a wooden relic that holds the mysticism of ancient times, allows the mezcal to be distilled in a slow and ceremonial dance. The result is an elixir with earthy and floral notes\u2014a drink that tastes of forest and old stories. In pine vats, the agave ferments surrounded by the scent of wood, absorbing the essence of Michoac\u00e1n\u2019s land and spirit.<\/p><\/div><\/div>\t\t\t\t<\/div>\n\t\t\t\t<\/div>\n\t\t\t\t<\/div>\n\t\t\t\t\t<\/div>\n\t\t\t\t<\/div>\n\t\t<div class=\"elementor-element elementor-element-64e2047 e-flex e-con-boxed e-con e-parent\" data-id=\"64e2047\" data-element_type=\"container\" data-e-type=\"container\" data-settings=\"{&quot;background_background&quot;:&quot;classic&quot;}\">\n\t\t\t\t\t<div class=\"e-con-inner\">\n\t\t\t\t\t<\/div>\n\t\t\t\t<\/div>\n\t\t\t\t<\/div>\n\t\t","protected":false},"excerpt":{"rendered":"<p>Regions and Community We foster a sense of community among our consumers, producers, and collaborators, valuing relationships and cultural exchange. Mezcal Los Tiliches from Oaxaca In Oaxaca, mezcal takes shape under the sun and fire, and its reputation has made it an emblem of Mexico around the world. The Oaxacan lands give life to agaves [&hellip;]<\/p>\n","protected":false},"author":1,"featured_media":0,"parent":0,"menu_order":0,"comment_status":"closed","ping_status":"closed","template":"","meta":{"site-sidebar-layout":"no-sidebar","site-content-layout":"page-builder","ast-site-content-layout":"full-width-container","site-content-style":"unboxed","site-sidebar-style":"unboxed","ast-global-header-display":"","ast-banner-title-visibility":"","ast-main-header-display":"","ast-hfb-above-header-display":"","ast-hfb-below-header-display":"","ast-hfb-mobile-header-display":"","site-post-title":"disabled","ast-breadcrumbs-content":"","ast-featured-img":"disabled","footer-sml-layout":"","ast-disable-related-posts":"","theme-transparent-header-meta":"enabled","adv-header-id-meta":"","stick-header-meta":"","header-above-stick-meta":"","header-main-stick-meta":"","header-below-stick-meta":"","astra-migrate-meta-layouts":"default","ast-page-background-enabled":"default","ast-page-background-meta":{"desktop":{"background-color":"","background-image":"","background-repeat":"repeat","background-position":"center center","background-size":"auto","background-attachment":"scroll","background-type":"","background-media":"","overlay-type":"","overlay-color":"","overlay-opacity":"","overlay-gradient":""},"tablet":{"background-color":"","background-image":"","background-repeat":"repeat","background-position":"center center","background-size":"auto","background-attachment":"scroll","background-type":"","background-media":"","overlay-type":"","overlay-color":"","overlay-opacity":"","overlay-gradient":""},"mobile":{"background-color":"","background-image":"","background-repeat":"repeat","background-position":"center center","background-size":"auto","background-attachment":"scroll","background-type":"","background-media":"","overlay-type":"","overlay-color":"","overlay-opacity":"","overlay-gradient":""}},"ast-content-background-meta":{"desktop":{"background-color":"var(--ast-global-color-5)","background-image":"","background-repeat":"repeat","background-position":"center center","background-size":"auto","background-attachment":"scroll","background-type":"","background-media":"","overlay-type":"","overlay-color":"","overlay-opacity":"","overlay-gradient":""},"tablet":{"background-color":"var(--ast-global-color-5)","background-image":"","background-repeat":"repeat","background-position":"center center","background-size":"auto","background-attachment":"scroll","background-type":"","background-media":"","overlay-type":"","overlay-color":"","overlay-opacity":"","overlay-gradient":""},"mobile":{"background-color":"var(--ast-global-color-5)","background-image":"","background-repeat":"repeat","background-position":"center center","background-size":"auto","background-attachment":"scroll","background-type":"","background-media":"","overlay-type":"","overlay-color":"","overlay-opacity":"","overlay-gradient":""}},"footnotes":""},"class_list":["post-2139","page","type-page","status-publish","hentry"],"yoast_head":"<!-- This site is optimized with the Yoast SEO plugin v27.4 - https:\/\/yoast.com\/product\/yoast-seo-wordpress\/ -->\n<title>Regions - Casa Mezcalera el Disfraz<\/title>\n<meta name=\"robots\" content=\"index, follow, max-snippet:-1, max-image-preview:large, max-video-preview:-1\" \/>\n<link rel=\"canonical\" href=\"https:\/\/mezcaleldisfraz.com\/en\/regions\/\" \/>\n<meta property=\"og:locale\" content=\"en_US\" \/>\n<meta property=\"og:type\" content=\"article\" \/>\n<meta property=\"og:title\" content=\"Regions - Casa Mezcalera el Disfraz\" \/>\n<meta property=\"og:description\" content=\"Regions and Community We foster a sense of community among our consumers, producers, and collaborators, valuing relationships and cultural exchange. Mezcal Los Tiliches from Oaxaca In Oaxaca, mezcal takes shape under the sun and fire, and its reputation has made it an emblem of Mexico around the world. The Oaxacan lands give life to agaves [&hellip;]\" \/>\n<meta property=\"og:url\" content=\"https:\/\/mezcaleldisfraz.com\/en\/regions\/\" \/>\n<meta property=\"og:site_name\" content=\"Casa Mezcalera el Disfraz\" \/>\n<meta property=\"article:modified_time\" content=\"2025-03-26T04:34:57+00:00\" \/>\n<meta property=\"og:image\" content=\"https:\/\/mezcaleldisfraz.com\/wp-content\/uploads\/2025\/01\/Casa-mezcalera-el-Disfraz-title-2_3.png\" \/>\n<meta name=\"twitter:card\" content=\"summary_large_image\" \/>\n<meta name=\"twitter:label1\" content=\"Est. reading time\" \/>\n\t<meta name=\"twitter:data1\" content=\"1 minute\" \/>\n<script type=\"application\/ld+json\" class=\"yoast-schema-graph\">{\"@context\":\"https:\\\/\\\/schema.org\",\"@graph\":[{\"@type\":\"WebPage\",\"@id\":\"https:\\\/\\\/mezcaleldisfraz.com\\\/en\\\/regions\\\/\",\"url\":\"https:\\\/\\\/mezcaleldisfraz.com\\\/en\\\/regions\\\/\",\"name\":\"Regions - Casa Mezcalera el Disfraz\",\"isPartOf\":{\"@id\":\"https:\\\/\\\/mezcaleldisfraz.com\\\/en\\\/#website\"},\"primaryImageOfPage\":{\"@id\":\"https:\\\/\\\/mezcaleldisfraz.com\\\/en\\\/regions\\\/#primaryimage\"},\"image\":{\"@id\":\"https:\\\/\\\/mezcaleldisfraz.com\\\/en\\\/regions\\\/#primaryimage\"},\"thumbnailUrl\":\"https:\\\/\\\/mezcaleldisfraz.com\\\/wp-content\\\/uploads\\\/2025\\\/01\\\/Casa-mezcalera-el-Disfraz-title-2_3.png\",\"datePublished\":\"2025-03-26T04:34:53+00:00\",\"dateModified\":\"2025-03-26T04:34:57+00:00\",\"breadcrumb\":{\"@id\":\"https:\\\/\\\/mezcaleldisfraz.com\\\/en\\\/regions\\\/#breadcrumb\"},\"inLanguage\":\"en-US\",\"potentialAction\":[{\"@type\":\"ReadAction\",\"target\":[\"https:\\\/\\\/mezcaleldisfraz.com\\\/en\\\/regions\\\/\"]}]},{\"@type\":\"ImageObject\",\"inLanguage\":\"en-US\",\"@id\":\"https:\\\/\\\/mezcaleldisfraz.com\\\/en\\\/regions\\\/#primaryimage\",\"url\":\"https:\\\/\\\/mezcaleldisfraz.com\\\/wp-content\\\/uploads\\\/2025\\\/01\\\/Casa-mezcalera-el-Disfraz-title-2_3.png\",\"contentUrl\":\"https:\\\/\\\/mezcaleldisfraz.com\\\/wp-content\\\/uploads\\\/2025\\\/01\\\/Casa-mezcalera-el-Disfraz-title-2_3.png\"},{\"@type\":\"BreadcrumbList\",\"@id\":\"https:\\\/\\\/mezcaleldisfraz.com\\\/en\\\/regions\\\/#breadcrumb\",\"itemListElement\":[{\"@type\":\"ListItem\",\"position\":1,\"name\":\"Portada\",\"item\":\"https:\\\/\\\/mezcaleldisfraz.com\\\/en\\\/\"},{\"@type\":\"ListItem\",\"position\":2,\"name\":\"Regions\"}]},{\"@type\":\"WebSite\",\"@id\":\"https:\\\/\\\/mezcaleldisfraz.com\\\/en\\\/#website\",\"url\":\"https:\\\/\\\/mezcaleldisfraz.com\\\/en\\\/\",\"name\":\"Casa Mezcalera el Disfraz\",\"description\":\"Sitio de venta de mezcal\",\"publisher\":{\"@id\":\"https:\\\/\\\/mezcaleldisfraz.com\\\/en\\\/#organization\"},\"potentialAction\":[{\"@type\":\"SearchAction\",\"target\":{\"@type\":\"EntryPoint\",\"urlTemplate\":\"https:\\\/\\\/mezcaleldisfraz.com\\\/en\\\/?s={search_term_string}\"},\"query-input\":{\"@type\":\"PropertyValueSpecification\",\"valueRequired\":true,\"valueName\":\"search_term_string\"}}],\"inLanguage\":\"en-US\"},{\"@type\":\"Organization\",\"@id\":\"https:\\\/\\\/mezcaleldisfraz.com\\\/en\\\/#organization\",\"name\":\"Casa Mezcalera el Disfraz\",\"url\":\"https:\\\/\\\/mezcaleldisfraz.com\\\/en\\\/\",\"logo\":{\"@type\":\"ImageObject\",\"inLanguage\":\"en-US\",\"@id\":\"https:\\\/\\\/mezcaleldisfraz.com\\\/en\\\/#\\\/schema\\\/logo\\\/image\\\/\",\"url\":\"https:\\\/\\\/mezcaleldisfraz.com\\\/wp-content\\\/uploads\\\/2025\\\/01\\\/Casa-mezcalera-el-Disfraz-logo@2x_2.png\",\"contentUrl\":\"https:\\\/\\\/mezcaleldisfraz.com\\\/wp-content\\\/uploads\\\/2025\\\/01\\\/Casa-mezcalera-el-Disfraz-logo@2x_2.png\",\"width\":512,\"height\":123,\"caption\":\"Casa Mezcalera el Disfraz\"},\"image\":{\"@id\":\"https:\\\/\\\/mezcaleldisfraz.com\\\/en\\\/#\\\/schema\\\/logo\\\/image\\\/\"}}]}<\/script>\n<!-- \/ Yoast SEO plugin. -->","yoast_head_json":{"title":"Regions - Casa Mezcalera el Disfraz","robots":{"index":"index","follow":"follow","max-snippet":"max-snippet:-1","max-image-preview":"max-image-preview:large","max-video-preview":"max-video-preview:-1"},"canonical":"https:\/\/mezcaleldisfraz.com\/en\/regions\/","og_locale":"en_US","og_type":"article","og_title":"Regions - Casa Mezcalera el Disfraz","og_description":"Regions and Community We foster a sense of community among our consumers, producers, and collaborators, valuing relationships and cultural exchange. Mezcal Los Tiliches from Oaxaca In Oaxaca, mezcal takes shape under the sun and fire, and its reputation has made it an emblem of Mexico around the world. The Oaxacan lands give life to agaves [&hellip;]","og_url":"https:\/\/mezcaleldisfraz.com\/en\/regions\/","og_site_name":"Casa Mezcalera el Disfraz","article_modified_time":"2025-03-26T04:34:57+00:00","og_image":[{"url":"https:\/\/mezcaleldisfraz.com\/wp-content\/uploads\/2025\/01\/Casa-mezcalera-el-Disfraz-title-2_3.png","type":"","width":"","height":""}],"twitter_card":"summary_large_image","twitter_misc":{"Est. reading time":"1 minute"},"schema":{"@context":"https:\/\/schema.org","@graph":[{"@type":"WebPage","@id":"https:\/\/mezcaleldisfraz.com\/en\/regions\/","url":"https:\/\/mezcaleldisfraz.com\/en\/regions\/","name":"Regions - Casa Mezcalera el Disfraz","isPartOf":{"@id":"https:\/\/mezcaleldisfraz.com\/en\/#website"},"primaryImageOfPage":{"@id":"https:\/\/mezcaleldisfraz.com\/en\/regions\/#primaryimage"},"image":{"@id":"https:\/\/mezcaleldisfraz.com\/en\/regions\/#primaryimage"},"thumbnailUrl":"https:\/\/mezcaleldisfraz.com\/wp-content\/uploads\/2025\/01\/Casa-mezcalera-el-Disfraz-title-2_3.png","datePublished":"2025-03-26T04:34:53+00:00","dateModified":"2025-03-26T04:34:57+00:00","breadcrumb":{"@id":"https:\/\/mezcaleldisfraz.com\/en\/regions\/#breadcrumb"},"inLanguage":"en-US","potentialAction":[{"@type":"ReadAction","target":["https:\/\/mezcaleldisfraz.com\/en\/regions\/"]}]},{"@type":"ImageObject","inLanguage":"en-US","@id":"https:\/\/mezcaleldisfraz.com\/en\/regions\/#primaryimage","url":"https:\/\/mezcaleldisfraz.com\/wp-content\/uploads\/2025\/01\/Casa-mezcalera-el-Disfraz-title-2_3.png","contentUrl":"https:\/\/mezcaleldisfraz.com\/wp-content\/uploads\/2025\/01\/Casa-mezcalera-el-Disfraz-title-2_3.png"},{"@type":"BreadcrumbList","@id":"https:\/\/mezcaleldisfraz.com\/en\/regions\/#breadcrumb","itemListElement":[{"@type":"ListItem","position":1,"name":"Portada","item":"https:\/\/mezcaleldisfraz.com\/en\/"},{"@type":"ListItem","position":2,"name":"Regions"}]},{"@type":"WebSite","@id":"https:\/\/mezcaleldisfraz.com\/en\/#website","url":"https:\/\/mezcaleldisfraz.com\/en\/","name":"Casa Mezcalera el Disfraz","description":"Sitio de venta de mezcal","publisher":{"@id":"https:\/\/mezcaleldisfraz.com\/en\/#organization"},"potentialAction":[{"@type":"SearchAction","target":{"@type":"EntryPoint","urlTemplate":"https:\/\/mezcaleldisfraz.com\/en\/?s={search_term_string}"},"query-input":{"@type":"PropertyValueSpecification","valueRequired":true,"valueName":"search_term_string"}}],"inLanguage":"en-US"},{"@type":"Organization","@id":"https:\/\/mezcaleldisfraz.com\/en\/#organization","name":"Casa Mezcalera el Disfraz","url":"https:\/\/mezcaleldisfraz.com\/en\/","logo":{"@type":"ImageObject","inLanguage":"en-US","@id":"https:\/\/mezcaleldisfraz.com\/en\/#\/schema\/logo\/image\/","url":"https:\/\/mezcaleldisfraz.com\/wp-content\/uploads\/2025\/01\/Casa-mezcalera-el-Disfraz-logo@2x_2.png","contentUrl":"https:\/\/mezcaleldisfraz.com\/wp-content\/uploads\/2025\/01\/Casa-mezcalera-el-Disfraz-logo@2x_2.png","width":512,"height":123,"caption":"Casa Mezcalera el Disfraz"},"image":{"@id":"https:\/\/mezcaleldisfraz.com\/en\/#\/schema\/logo\/image\/"}}]}},"_links":{"self":[{"href":"https:\/\/mezcaleldisfraz.com\/en\/wp-json\/wp\/v2\/pages\/2139","targetHints":{"allow":["GET"]}}],"collection":[{"href":"https:\/\/mezcaleldisfraz.com\/en\/wp-json\/wp\/v2\/pages"}],"about":[{"href":"https:\/\/mezcaleldisfraz.com\/en\/wp-json\/wp\/v2\/types\/page"}],"author":[{"embeddable":true,"href":"https:\/\/mezcaleldisfraz.com\/en\/wp-json\/wp\/v2\/users\/1"}],"replies":[{"embeddable":true,"href":"https:\/\/mezcaleldisfraz.com\/en\/wp-json\/wp\/v2\/comments?post=2139"}],"version-history":[{"count":3,"href":"https:\/\/mezcaleldisfraz.com\/en\/wp-json\/wp\/v2\/pages\/2139\/revisions"}],"predecessor-version":[{"id":2142,"href":"https:\/\/mezcaleldisfraz.com\/en\/wp-json\/wp\/v2\/pages\/2139\/revisions\/2142"}],"wp:attachment":[{"href":"https:\/\/mezcaleldisfraz.com\/en\/wp-json\/wp\/v2\/media?parent=2139"}],"curies":[{"name":"wp","href":"https:\/\/api.w.org\/{rel}","templated":true}]}}